{"id":167,"date":"2021-03-16T21:14:34","date_gmt":"2021-03-16T21:14:34","guid":{"rendered":"https:\/\/museeshistoiremontreal.ca\/le-festival\/"},"modified":"2022-02-17T00:55:49","modified_gmt":"2022-02-17T00:55:49","slug":"festival","status":"publish","type":"page","link":"https:\/\/museeshistoiremontreal.ca\/en\/festival\/","title":{"rendered":"Festival"},"content":{"rendered":"","protected":false},"excerpt":{"rendered":"","protected":false},"author":1,"featured_media":958,"parent":0,"menu_order":0,"comment_status":"closed","ping_status":"closed","template":"page-festival.php","meta":{"footnotes":""},"class_list":["post-167","page","type-page","status-publish","has-post-thumbnail","hentry"],"yoast_head":"<!-- This site is optimized with the Yoast SEO plugin v20.0 - https:\/\/yoast.com\/wordpress\/plugins\/seo\/ -->\n<title>Festival - Les mus\u00e9es d\u2019histoire de Montr\u00e9al<\/title>\n<meta name=\"robots\" content=\"index, follow, max-snippet:-1, max-image-preview:large, max-video-preview:-1\" \/>\n<link rel=\"canonical\" href=\"https:\/\/museeshistoiremontreal.ca\/en\/festival\/\" \/>\n<meta property=\"og:locale\" content=\"en_US\" \/>\n<meta property=\"og:type\" content=\"article\" \/>\n<meta property=\"og:title\" content=\"Festival - Les mus\u00e9es d\u2019histoire de Montr\u00e9al\" \/>\n<meta property=\"og:url\" content=\"https:\/\/museeshistoiremontreal.ca\/en\/festival\/\" \/>\n<meta property=\"og:site_name\" content=\"Les mus\u00e9es d\u2019histoire de Montr\u00e9al\" \/>\n<meta property=\"article:modified_time\" content=\"2022-02-17T00:55:49+00:00\" \/>\n<meta property=\"og:image\" content=\"https:\/\/museeshistoiremontreal.ca\/wp-content\/uploads\/2022\/02\/FHMtl_banniere_site2022_EN.jpg\" \/>\n\t<meta property=\"og:image:width\" content=\"1920\" \/>\n\t<meta property=\"og:image:height\" content=\"408\" \/>\n\t<meta property=\"og:image:type\" content=\"image\/jpeg\" \/>\n<meta name=\"twitter:card\" content=\"summary_large_image\" \/>\n<script type=\"application\/ld+json\" class=\"yoast-schema-graph\">{\"@context\":\"https:\/\/schema.org\",\"@graph\":[{\"@type\":\"WebPage\",\"@id\":\"https:\/\/museeshistoiremontreal.ca\/en\/festival\/\",\"url\":\"https:\/\/museeshistoiremontreal.ca\/en\/festival\/\",\"name\":\"Festival - Les mus\u00e9es d\u2019histoire de Montr\u00e9al\",\"isPartOf\":{\"@id\":\"https:\/\/museeshistoiremontreal.ca\/en\/#website\"},\"datePublished\":\"2021-03-16T21:14:34+00:00\",\"dateModified\":\"2022-02-17T00:55:49+00:00\",\"breadcrumb\":{\"@id\":\"https:\/\/museeshistoiremontreal.ca\/en\/festival\/#breadcrumb\"},\"inLanguage\":\"en-US\",\"potentialAction\":[{\"@type\":\"ReadAction\",\"target\":[\"https:\/\/museeshistoiremontreal.ca\/en\/festival\/\"]}]},{\"@type\":\"BreadcrumbList\",\"@id\":\"https:\/\/museeshistoiremontreal.ca\/en\/festival\/#breadcrumb\",\"itemListElement\":[{\"@type\":\"ListItem\",\"position\":1,\"name\":\"Home\",\"item\":\"http:\/\/museeshistoiremontreal.ca\/en\/\"},{\"@type\":\"ListItem\",\"position\":2,\"name\":\"Festival\"}]},{\"@type\":\"WebSite\",\"@id\":\"https:\/\/museeshistoiremontreal.ca\/en\/#website\",\"url\":\"https:\/\/museeshistoiremontreal.ca\/en\/\",\"name\":\"Les mus\u00e9es d\u2019histoire de Montr\u00e9al\",\"description\":\"Les mus\u00e9es d\u2019histoire de Montr\u00e9al sont fiers de vous pr\u00e9senter la premi\u00e8re \u00e9dition du Festival d\u2019histoire de Montr\u00e9al, du 14 au 16 mai 2021.\",\"potentialAction\":[{\"@type\":\"SearchAction\",\"target\":{\"@type\":\"EntryPoint\",\"urlTemplate\":\"https:\/\/museeshistoiremontreal.ca\/en\/?s={search_term_string}\"},\"query-input\":\"required name=search_term_string\"}],\"inLanguage\":\"en-US\"}]}<\/script>\n<!-- \/ Yoast SEO plugin. -->","yoast_head_json":{"title":"Festival - Les mus\u00e9es d\u2019histoire de Montr\u00e9al","robots":{"index":"index","follow":"follow","max-snippet":"max-snippet:-1","max-image-preview":"max-image-preview:large","max-video-preview":"max-video-preview:-1"},"canonical":"https:\/\/museeshistoiremontreal.ca\/en\/festival\/","og_locale":"en_US","og_type":"article","og_title":"Festival - Les mus\u00e9es d\u2019histoire de Montr\u00e9al","og_url":"https:\/\/museeshistoiremontreal.ca\/en\/festival\/","og_site_name":"Les mus\u00e9es d\u2019histoire de Montr\u00e9al","article_modified_time":"2022-02-17T00:55:49+00:00","og_image":[{"width":1920,"height":408,"url":"https:\/\/museeshistoiremontreal.ca\/wp-content\/uploads\/2022\/02\/FHMtl_banniere_site2022_EN.jpg","type":"image\/jpeg"}],"twitter_card":"summary_large_image","schema":{"@context":"https:\/\/schema.org","@graph":[{"@type":"WebPage","@id":"https:\/\/museeshistoiremontreal.ca\/en\/festival\/","url":"https:\/\/museeshistoiremontreal.ca\/en\/festival\/","name":"Festival - Les mus\u00e9es d\u2019histoire de Montr\u00e9al","isPartOf":{"@id":"https:\/\/museeshistoiremontreal.ca\/en\/#website"},"datePublished":"2021-03-16T21:14:34+00:00","dateModified":"2022-02-17T00:55:49+00:00","breadcrumb":{"@id":"https:\/\/museeshistoiremontreal.ca\/en\/festival\/#breadcrumb"},"inLanguage":"en-US","potentialAction":[{"@type":"ReadAction","target":["https:\/\/museeshistoiremontreal.ca\/en\/festival\/"]}]},{"@type":"BreadcrumbList","@id":"https:\/\/museeshistoiremontreal.ca\/en\/festival\/#breadcrumb","itemListElement":[{"@type":"ListItem","position":1,"name":"Home","item":"http:\/\/museeshistoiremontreal.ca\/en\/"},{"@type":"ListItem","position":2,"name":"Festival"}]},{"@type":"WebSite","@id":"https:\/\/museeshistoiremontreal.ca\/en\/#website","url":"https:\/\/museeshistoiremontreal.ca\/en\/","name":"Les mus\u00e9es d\u2019histoire de Montr\u00e9al","description":"Les mus\u00e9es d\u2019histoire de Montr\u00e9al sont fiers de vous pr\u00e9senter la premi\u00e8re \u00e9dition du Festival d\u2019histoire de Montr\u00e9al, du 14 au 16 mai 2021.","potentialAction":[{"@type":"SearchAction","target":{"@type":"EntryPoint","urlTemplate":"https:\/\/museeshistoiremontreal.ca\/en\/?s={search_term_string}"},"query-input":"required name=search_term_string"}],"inLanguage":"en-US"}]}},"_links":{"self":[{"href":"https:\/\/museeshistoiremontreal.ca\/en\/wp-json\/wp\/v2\/pages\/167","targetHints":{"allow":["GET"]}}],"collection":[{"href":"https:\/\/museeshistoiremontreal.ca\/en\/wp-json\/wp\/v2\/pages"}],"about":[{"href":"https:\/\/museeshistoiremontreal.ca\/en\/wp-json\/wp\/v2\/types\/page"}],"author":[{"embeddable":true,"href":"https:\/\/museeshistoiremontreal.ca\/en\/wp-json\/wp\/v2\/users\/1"}],"replies":[{"embeddable":true,"href":"https:\/\/museeshistoiremontreal.ca\/en\/wp-json\/wp\/v2\/comments?post=167"}],"version-history":[{"count":18,"href":"https:\/\/museeshistoiremontreal.ca\/en\/wp-json\/wp\/v2\/pages\/167\/revisions"}],"predecessor-version":[{"id":965,"href":"https:\/\/museeshistoiremontreal.ca\/en\/wp-json\/wp\/v2\/pages\/167\/revisions\/965"}],"wp:featuredmedia":[{"embeddable":true,"href":"https:\/\/museeshistoiremontreal.ca\/en\/wp-json\/wp\/v2\/media\/958"}],"wp:attachment":[{"href":"https:\/\/museeshistoiremontreal.ca\/en\/wp-json\/wp\/v2\/media?parent=167"}],"curies":[{"name":"wp","href":"https:\/\/api.w.org\/{rel}","templated":true}]}}